{"id":951,"date":"2017-01-03T05:33:57","date_gmt":"2017-01-03T05:33:57","guid":{"rendered":"https:\/\/raratheme.com\/preview\/construction-landing-page\/?page_id=183"},"modified":"2023-09-05T17:24:44","modified_gmt":"2023-09-05T15:24:44","slug":"credits-licences","status":"publish","type":"page","link":"https:\/\/franck-denise.com\/blog\/credits-licences\/","title":{"rendered":"Cr\u00e9dits &#038; Licences"},"content":{"rendered":"<p>CMS : <a href=\"https:\/\/wordpress.org\/\" target=\"_blank\" rel=\"nofollow noopener noreferrer\">WordPress<\/a><br \/>Th\u00e8me : <a href=\"https:\/\/raratheme.com\/wordpress-themes\/construction-landing-page\/\" target=\"_blank\" rel=\"nofollow noopener noreferrer\">Construction Landing Page Theme by: Rara Theme<\/a><\/p>\n<hr>\n<p><a href=\"http:\/\/franck-denise.com\/blog\/wp-content\/uploads\/2018\/04\/a.png\"><img decoding=\"async\" class=\"alignnone wp-image-989\" src=\"http:\/\/franck-denise.com\/blog\/wp-content\/uploads\/2018\/04\/a-300x215.png\" alt=\"\" width=\"128\" height=\"92\" srcset=\"https:\/\/franck-denise.com\/blog\/wp-content\/uploads\/2018\/04\/a-300x215.png 300w, https:\/\/franck-denise.com\/blog\/wp-content\/uploads\/2018\/04\/a-768x551.png 768w, https:\/\/franck-denise.com\/blog\/wp-content\/uploads\/2018\/04\/a-1024x734.png 1024w, https:\/\/franck-denise.com\/blog\/wp-content\/uploads\/2018\/04\/a.png 1176w\" sizes=\"(max-width: 128px) 100vw, 128px\" \/><\/a><br \/>Source : <a href=\"https:\/\/pixabay.com\/fr\/t%C3%AAte-filaire-face-lignes-vague-663997\/\" target=\"_blank\" rel=\"nofollow noopener noreferrer\">T\u00eate Filaire Face Lignes Vague R\u00e9seau Web<\/a><br \/>Licence : <a href=\"https:\/\/creativecommons.org\/publicdomain\/zero\/1.0\/deed.fr\" target=\"_blank\" rel=\"nofollow noopener noreferrer\">CC0 Public Domain<\/a><br \/>Auteur : <a href=\"https:\/\/pixabay.com\/fr\/users\/geralt-9301\/\" target=\"_blank\" rel=\"nofollow noopener noreferrer\">geralt<\/a><\/p>\n\n\n<hr class=\"wp-block-separator has-alpha-channel-opacity\"\/>\n\n\n\n<figure class=\"wp-block-audio\"><audio controls src=\"https:\/\/franck-denise.com\/blog\/wp-content\/uploads\/2023\/06\/an-epic-accomplishment-147025.mp3\"><\/audio><figcaption class=\"wp-element-caption\">Music by&nbsp;<a href=\"https:\/\/pixabay.com\/fr\/users\/nocopyrightaudioplus-31739675\/?utm_source=link-attribution&amp;utm_medium=referral&amp;utm_campaign=music&amp;utm_content=147025\">NoCopyrightAudioplus<\/a>&nbsp;from&nbsp;<a href=\"https:\/\/pixabay.com\/music\/\/?utm_source=link-attribution&amp;utm_medium=referral&amp;utm_campaign=music&amp;utm_content=147025\">Pixabay<\/a><\/figcaption><\/figure>\n\n\n\n<hr class=\"wp-block-separator has-alpha-channel-opacity\"\/>\n\n\n\n<figure class=\"wp-block-image size-full\"><a href=\"https:\/\/franck-denise.com\/blog\/wp-content\/uploads\/2023\/09\/wordcloud-679949_640.png\"><img fetchpriority=\"high\" decoding=\"async\" width=\"640\" height=\"433\" src=\"https:\/\/franck-denise.com\/blog\/wp-content\/uploads\/2023\/09\/wordcloud-679949_640.png\" alt=\"recherche de mots-cl\u00e9s , m\u00e9dias sociaux, analyse et l\u2019ajustement, contenu de qualit\u00e9 etc.\" class=\"wp-image-2217\" srcset=\"https:\/\/franck-denise.com\/blog\/wp-content\/uploads\/2023\/09\/wordcloud-679949_640.png 640w, https:\/\/franck-denise.com\/blog\/wp-content\/uploads\/2023\/09\/wordcloud-679949_640-300x203.png 300w\" sizes=\"(max-width: 640px) 100vw, 640px\" \/><\/a><figcaption class=\"wp-element-caption\">recherche de mots-cl\u00e9s , m\u00e9dias sociaux, analyse et l\u2019ajustement, contenu de qualit\u00e9 etc.<\/figcaption><\/figure>\n\n\n\n<p>Image publi\u00e9e dans l&rsquo;article : <a href=\"https:\/\/franck-denise.com\/2023\/09\/quentend-on-par-tremplin-numerique-pour-le-referencement-seo\/\">Tremplin num\u00e9rique<\/a><\/p>\n\n\n\n<p>Image par\u00a0<a href=\"https:\/\/pixabay.com\/fr\/users\/narciso1-608227\/?utm_source=link-attribution&amp;utm_medium=referral&amp;utm_campaign=image&amp;utm_content=679949\">narciso1<\/a>\u00a0de\u00a0<a href=\"https:\/\/pixabay.com\/fr\/\/?utm_source=link-attribution&amp;utm_medium=referral&amp;utm_campaign=image&amp;utm_content=679949\">Pixabay<\/a><\/p>\n\n\n\n<hr class=\"wp-block-separator has-alpha-channel-opacity\"\/>\n\n\n\n<figure class=\"wp-block-image size-full\"><a href=\"https:\/\/franck-denise.com\/blog\/wp-content\/uploads\/2023\/09\/unstoppable-6765928_640.png\"><img decoding=\"async\" width=\"640\" height=\"458\" src=\"https:\/\/franck-denise.com\/blog\/wp-content\/uploads\/2023\/09\/unstoppable-6765928_640.png\" alt=\"tremplin num\u00e9rique\" class=\"wp-image-2214\" srcset=\"https:\/\/franck-denise.com\/blog\/wp-content\/uploads\/2023\/09\/unstoppable-6765928_640.png 640w, https:\/\/franck-denise.com\/blog\/wp-content\/uploads\/2023\/09\/unstoppable-6765928_640-300x215.png 300w\" sizes=\"(max-width: 640px) 100vw, 640px\" \/><\/a><figcaption class=\"wp-element-caption\">Image publi\u00e9e dans l&rsquo;article : <a href=\"https:\/\/franck-denise.com\/2023\/09\/quentend-on-par-tremplin-numerique-pour-le-referencement-seo\/\">Tremplin num\u00e9rique<\/a><\/figcaption><\/figure>\n\n\n\n<p>Image par\u00a0<a href=\"https:\/\/pixabay.com\/fr\/users\/mohamed_hassan-5229782\/?utm_source=link-attribution&amp;utm_medium=referral&amp;utm_campaign=image&amp;utm_content=6765928\">Mohamed Hassan<\/a>\u00a0de\u00a0<a href=\"https:\/\/pixabay.com\/fr\/\/?utm_source=link-attribution&amp;utm_medium=referral&amp;utm_campaign=image&amp;utm_content=6765928\">Pixabay<\/a><\/p>\n\n\n\n<hr class=\"wp-block-separator has-alpha-channel-opacity\"\/>\n\n\n\n<figure class=\"wp-block-image size-full is-resized\"><a href=\"https:\/\/franck-denise.com\/blog\/wp-content\/uploads\/2023\/07\/digital-marketing-5816304_640.jpg\"><img loading=\"lazy\" decoding=\"async\" src=\"https:\/\/franck-denise.com\/blog\/wp-content\/uploads\/2023\/07\/digital-marketing-5816304_640.jpg\" alt=\"\" class=\"wp-image-2173\" style=\"width:416px;height:278px\" width=\"416\" height=\"278\" srcset=\"https:\/\/franck-denise.com\/blog\/wp-content\/uploads\/2023\/07\/digital-marketing-5816304_640.jpg 640w, https:\/\/franck-denise.com\/blog\/wp-content\/uploads\/2023\/07\/digital-marketing-5816304_640-300x200.jpg 300w\" sizes=\"(max-width: 416px) 100vw, 416px\" \/><\/a><figcaption class=\"wp-element-caption\">Image par&nbsp;<a href=\"https:\/\/pixabay.com\/fr\/users\/prodeepahmeed-7094446\/?utm_source=link-attribution&amp;utm_medium=referral&amp;utm_campaign=image&amp;utm_content=5816304\">Prodeep Ahmeed<\/a>&nbsp;de&nbsp;<a href=\"https:\/\/pixabay.com\/fr\/\/?utm_source=link-attribution&amp;utm_medium=referral&amp;utm_campaign=image&amp;utm_content=5816304\">Pixabay<\/a><\/figcaption><\/figure>\n\n\n\n<hr class=\"wp-block-separator has-alpha-channel-opacity\"\/>\n\n\n\n<figure class=\"wp-block-image size-full is-resized\"><a href=\"https:\/\/franck-denise.com\/blog\/wp-content\/uploads\/2023\/07\/seo-3693149_640.jpg\"><img loading=\"lazy\" decoding=\"async\" src=\"https:\/\/franck-denise.com\/blog\/wp-content\/uploads\/2023\/07\/seo-3693149_640.jpg\" alt=\"\" class=\"wp-image-2170\" style=\"width:416px;height:278px\" width=\"416\" height=\"278\" srcset=\"https:\/\/franck-denise.com\/blog\/wp-content\/uploads\/2023\/07\/seo-3693149_640.jpg 640w, https:\/\/franck-denise.com\/blog\/wp-content\/uploads\/2023\/07\/seo-3693149_640-300x201.jpg 300w\" sizes=\"(max-width: 416px) 100vw, 416px\" \/><\/a><figcaption class=\"wp-element-caption\">Image par <a href=\"https:\/\/pixabay.com\/fr\/users\/mohamed_hassan-5229782\/?utm_source=link-attribution&amp;utm_medium=referral&amp;utm_campaign=image&amp;utm_content=3693149\">Mohamed Hassan<\/a> de <a href=\"https:\/\/pixabay.com\/fr\/\/?utm_source=link-attribution&amp;utm_medium=referral&amp;utm_campaign=image&amp;utm_content=3693149\">Pixabay<\/a><\/figcaption><\/figure>\n\n\n\n<hr class=\"wp-block-separator has-alpha-channel-opacity\"\/>\n\n\n\n<figure class=\"wp-block-image size-full is-resized\"><a href=\"https:\/\/franck-denise.com\/blog\/wp-content\/uploads\/2023\/07\/door-lock-g808a86ef8_640.jpg\"><img loading=\"lazy\" decoding=\"async\" src=\"https:\/\/franck-denise.com\/blog\/wp-content\/uploads\/2023\/07\/door-lock-g808a86ef8_640.jpg\" alt=\"\" class=\"wp-image-2147\" style=\"width:391px;height:293px\" width=\"391\" height=\"293\" srcset=\"https:\/\/franck-denise.com\/blog\/wp-content\/uploads\/2023\/07\/door-lock-g808a86ef8_640.jpg 640w, https:\/\/franck-denise.com\/blog\/wp-content\/uploads\/2023\/07\/door-lock-g808a86ef8_640-300x225.jpg 300w\" sizes=\"(max-width: 391px) 100vw, 391px\" \/><\/a><figcaption class=\"wp-element-caption\">Image par <a href=\"https:\/\/pixabay.com\/fr\/users\/hans-2\/?utm_source=link-attribution&amp;utm_medium=referral&amp;utm_campaign=image&amp;utm_content=123176\">Hans<\/a> de <a href=\"https:\/\/pixabay.com\/fr\/\/?utm_source=link-attribution&amp;utm_medium=referral&amp;utm_campaign=image&amp;utm_content=123176\">Pixabay<\/a><\/figcaption><\/figure>\n\n\n\n<hr class=\"wp-block-separator has-alpha-channel-opacity\"\/>\n\n\n\n<figure class=\"wp-block-image size-full is-resized\"><a href=\"https:\/\/franck-denise.com\/blog\/wp-content\/uploads\/2023\/07\/email-g5f43ed755_640.png\"><img loading=\"lazy\" decoding=\"async\" src=\"https:\/\/franck-denise.com\/blog\/wp-content\/uploads\/2023\/07\/email-g5f43ed755_640.png\" alt=\"\" class=\"wp-image-2134\" style=\"width:330px;height:223px\" width=\"330\" height=\"223\" srcset=\"https:\/\/franck-denise.com\/blog\/wp-content\/uploads\/2023\/07\/email-g5f43ed755_640.png 640w, https:\/\/franck-denise.com\/blog\/wp-content\/uploads\/2023\/07\/email-g5f43ed755_640-300x203.png 300w\" sizes=\"(max-width: 330px) 100vw, 330px\" \/><\/a><figcaption class=\"wp-element-caption\">Image par <a href=\"https:\/\/pixabay.com\/fr\/users\/talhakhalil007-5671515\/?utm_source=link-attribution&amp;utm_medium=referral&amp;utm_campaign=image&amp;utm_content=4284157\">talha khalil<\/a> de <a href=\"https:\/\/pixabay.com\/fr\/\/?utm_source=link-attribution&amp;utm_medium=referral&amp;utm_campaign=image&amp;utm_content=4284157\">Pixabay<\/a><\/figcaption><\/figure>\n\n\n\n<hr class=\"wp-block-separator has-alpha-channel-opacity\"\/>\n\n\n\n<figure class=\"wp-block-image size-large\"><a href=\"https:\/\/franck-denise.com\/blog\/wp-content\/uploads\/2023\/06\/galaxy-3608029_1280.jpg\"><img loading=\"lazy\" decoding=\"async\" width=\"1024\" height=\"736\" src=\"https:\/\/franck-denise.com\/blog\/wp-content\/uploads\/2023\/06\/galaxy-3608029_1280-1024x736.jpg\" alt=\"\" class=\"wp-image-2041\" srcset=\"https:\/\/franck-denise.com\/blog\/wp-content\/uploads\/2023\/06\/galaxy-3608029_1280-1024x736.jpg 1024w, https:\/\/franck-denise.com\/blog\/wp-content\/uploads\/2023\/06\/galaxy-3608029_1280-300x216.jpg 300w, https:\/\/franck-denise.com\/blog\/wp-content\/uploads\/2023\/06\/galaxy-3608029_1280-768x552.jpg 768w, https:\/\/franck-denise.com\/blog\/wp-content\/uploads\/2023\/06\/galaxy-3608029_1280.jpg 1280w\" sizes=\"(max-width: 1024px) 100vw, 1024px\" \/><\/a><\/figure>\n\n\n\n<p>Image par <a href=\"https:\/\/pixabay.com\/fr\/users\/luminas_art-4128746\/?utm_source=link-attribution&amp;utm_medium=referral&amp;utm_campaign=image&amp;utm_content=3608029\">Lumina Obscura<\/a> de <a href=\"https:\/\/pixabay.com\/fr\/\/?utm_source=link-attribution&amp;utm_medium=referral&amp;utm_campaign=image&amp;utm_content=3608029\">Pixabay<\/a><\/p>\n\n\n\n<hr class=\"wp-block-separator has-alpha-channel-opacity\"\/>\n\n\n\n<figure class=\"wp-block-image size-full\"><a href=\"https:\/\/franck-denise.com\/blog\/wp-content\/uploads\/2023\/06\/phytoplankton-1348508_640.jpg\"><img loading=\"lazy\" decoding=\"async\" width=\"640\" height=\"431\" src=\"https:\/\/franck-denise.com\/blog\/wp-content\/uploads\/2023\/06\/phytoplankton-1348508_640.jpg\" alt=\"\" class=\"wp-image-2037\" srcset=\"https:\/\/franck-denise.com\/blog\/wp-content\/uploads\/2023\/06\/phytoplankton-1348508_640.jpg 640w, https:\/\/franck-denise.com\/blog\/wp-content\/uploads\/2023\/06\/phytoplankton-1348508_640-300x202.jpg 300w\" sizes=\"(max-width: 640px) 100vw, 640px\" \/><\/a><\/figure>\n\n\n\n<p>Image par <a href=\"https:\/\/pixabay.com\/fr\/users\/fotoshoptofs-2171839\/?utm_source=link-attribution&amp;utm_medium=referral&amp;utm_campaign=image&amp;utm_content=1348508\">Welcome to all and thank you for your visit ! \u30c4<\/a> de <a href=\"https:\/\/pixabay.com\/fr\/\/?utm_source=link-attribution&amp;utm_medium=referral&amp;utm_campaign=image&amp;utm_content=1348508\">Pixabay<\/a><\/p>\n\n\n\n<hr class=\"wp-block-separator has-alpha-channel-opacity\"\/>\n\n\n\n<figure class=\"wp-block-image size-full\"><a href=\"https:\/\/franck-denise.com\/blog\/wp-content\/uploads\/2023\/06\/earth-1365995_640.jpg\"><img loading=\"lazy\" decoding=\"async\" width=\"640\" height=\"341\" src=\"https:\/\/franck-denise.com\/blog\/wp-content\/uploads\/2023\/06\/earth-1365995_640.jpg\" alt=\"\" class=\"wp-image-2051\" srcset=\"https:\/\/franck-denise.com\/blog\/wp-content\/uploads\/2023\/06\/earth-1365995_640.jpg 640w, https:\/\/franck-denise.com\/blog\/wp-content\/uploads\/2023\/06\/earth-1365995_640-300x160.jpg 300w\" sizes=\"(max-width: 640px) 100vw, 640px\" \/><\/a><\/figure>\n\n\n\n<p>Image par <a href=\"https:\/\/pixabay.com\/fr\/users\/qimono-1962238\/?utm_source=link-attribution&amp;utm_medium=referral&amp;utm_campaign=image&amp;utm_content=1365995\">Arek Socha<\/a> de <a href=\"https:\/\/pixabay.com\/fr\/\/?utm_source=link-attribution&amp;utm_medium=referral&amp;utm_campaign=image&amp;utm_content=1365995\">Pixabay<\/a><\/p>\n\n\n\n<hr class=\"wp-block-separator has-alpha-channel-opacity\"\/>\n\n\n\n<figure class=\"wp-block-gallery has-nested-images columns-default is-cropped wp-block-gallery-1 is-layout-flex wp-block-gallery-is-layout-flex\">\n<figure class=\"wp-block-image size-large\"><a href=\"https:\/\/franck-denise.com\/blog\/wp-content\/uploads\/2023\/02\/sun-g32613893e_640.png\"><img loading=\"lazy\" decoding=\"async\" width=\"636\" height=\"640\" data-id=\"1781\" src=\"https:\/\/franck-denise.com\/blog\/wp-content\/uploads\/2023\/02\/sun-g32613893e_640.png\" alt=\"\" class=\"wp-image-1781\" srcset=\"https:\/\/franck-denise.com\/blog\/wp-content\/uploads\/2023\/02\/sun-g32613893e_640.png 636w, https:\/\/franck-denise.com\/blog\/wp-content\/uploads\/2023\/02\/sun-g32613893e_640-298x300.png 298w, https:\/\/franck-denise.com\/blog\/wp-content\/uploads\/2023\/02\/sun-g32613893e_640-150x150.png 150w, https:\/\/franck-denise.com\/blog\/wp-content\/uploads\/2023\/02\/sun-g32613893e_640-98x98.png 98w, https:\/\/franck-denise.com\/blog\/wp-content\/uploads\/2023\/02\/sun-g32613893e_640-68x68.png 68w\" sizes=\"(max-width: 636px) 100vw, 636px\" \/><\/a><\/figure>\n\n\n\n<figure class=\"wp-block-image size-large\"><a href=\"https:\/\/franck-denise.com\/blog\/wp-content\/uploads\/2023\/02\/borders-g1aa702caf_640.png\"><img loading=\"lazy\" decoding=\"async\" width=\"629\" height=\"640\" data-id=\"1790\" src=\"https:\/\/franck-denise.com\/blog\/wp-content\/uploads\/2023\/02\/borders-g1aa702caf_640.png\" alt=\"\" class=\"wp-image-1790\" srcset=\"https:\/\/franck-denise.com\/blog\/wp-content\/uploads\/2023\/02\/borders-g1aa702caf_640.png 629w, https:\/\/franck-denise.com\/blog\/wp-content\/uploads\/2023\/02\/borders-g1aa702caf_640-295x300.png 295w, https:\/\/franck-denise.com\/blog\/wp-content\/uploads\/2023\/02\/borders-g1aa702caf_640-68x68.png 68w\" sizes=\"(max-width: 629px) 100vw, 629px\" \/><\/a><\/figure>\n\n\n\n<figure class=\"wp-block-image size-large\"><a href=\"https:\/\/franck-denise.com\/blog\/wp-content\/uploads\/2023\/02\/comic-characters-g20e3182a7_640.png\"><img loading=\"lazy\" decoding=\"async\" width=\"326\" height=\"640\" data-id=\"1791\" src=\"https:\/\/franck-denise.com\/blog\/wp-content\/uploads\/2023\/02\/comic-characters-g20e3182a7_640.png\" alt=\"\" class=\"wp-image-1791\" srcset=\"https:\/\/franck-denise.com\/blog\/wp-content\/uploads\/2023\/02\/comic-characters-g20e3182a7_640.png 326w, https:\/\/franck-denise.com\/blog\/wp-content\/uploads\/2023\/02\/comic-characters-g20e3182a7_640-153x300.png 153w\" sizes=\"(max-width: 326px) 100vw, 326px\" \/><\/a><\/figure>\n\n\n\n<figure class=\"wp-block-image size-large\"><a href=\"https:\/\/franck-denise.com\/blog\/wp-content\/uploads\/2023\/02\/iphone-g65099fbbe_640.png\"><img loading=\"lazy\" decoding=\"async\" width=\"320\" height=\"640\" data-id=\"1792\" src=\"https:\/\/franck-denise.com\/blog\/wp-content\/uploads\/2023\/02\/iphone-g65099fbbe_640.png\" alt=\"\" class=\"wp-image-1792\" srcset=\"https:\/\/franck-denise.com\/blog\/wp-content\/uploads\/2023\/02\/iphone-g65099fbbe_640.png 320w, https:\/\/franck-denise.com\/blog\/wp-content\/uploads\/2023\/02\/iphone-g65099fbbe_640-150x300.png 150w\" sizes=\"(max-width: 320px) 100vw, 320px\" \/><\/a><\/figure>\n<\/figure>\n\n\n\n<p>Image par <a href=\"https:\/\/pixabay.com\/fr\/users\/openclipart-vectors-30363\/?utm_source=link-attribution&amp;utm_medium=referral&amp;utm_campaign=image&amp;utm_content=2023311\">OpenClipart-Vectors<\/a> de <a href=\"https:\/\/pixabay.com\/fr\/\/?utm_source=link-attribution&amp;utm_medium=referral&amp;utm_campaign=image&amp;utm_content=2023311\">Pixabay<\/a><\/p>\n\n\n\n<hr class=\"wp-block-separator has-alpha-channel-opacity\"\/>\n\n\n<div class=\"wp-block-image\">\n<figure class=\"aligncenter size-full is-resized\"><a href=\"https:\/\/franck-denise.com\/blog\/wp-content\/uploads\/2023\/02\/web-design-gc7793a143_640.jpg\"><img loading=\"lazy\" decoding=\"async\" src=\"https:\/\/franck-denise.com\/blog\/wp-content\/uploads\/2023\/02\/web-design-gc7793a143_640.jpg\" alt=\"\" class=\"wp-image-1820\" style=\"width:335px;height:223px\" width=\"335\" height=\"223\" srcset=\"https:\/\/franck-denise.com\/blog\/wp-content\/uploads\/2023\/02\/web-design-gc7793a143_640.jpg 640w, https:\/\/franck-denise.com\/blog\/wp-content\/uploads\/2023\/02\/web-design-gc7793a143_640-300x200.jpg 300w, https:\/\/franck-denise.com\/blog\/wp-content\/uploads\/2023\/02\/web-design-gc7793a143_640-208x137.jpg 208w\" sizes=\"(max-width: 335px) 100vw, 335px\" \/><\/a><figcaption class=\"wp-element-caption\">Image par <a href=\"https:\/\/pixabay.com\/fr\/users\/377053-377053\/?utm_source=link-attribution&amp;utm_medium=referral&amp;utm_campaign=image&amp;utm_content=459196\">377053<\/a> de <a href=\"https:\/\/pixabay.com\/fr\/\/?utm_source=link-attribution&amp;utm_medium=referral&amp;utm_campaign=image&amp;utm_content=459196\">Pixabay<\/a><\/figcaption><\/figure><\/div>\n\n\n<p><\/p>\n\n\n\n<p><\/p>\n\n\n\n<hr class=\"wp-block-separator has-alpha-channel-opacity\"\/>\n\n\n\n<p><\/p>\n\n\n<div class=\"wp-block-image\">\n<figure class=\"aligncenter size-full\"><a href=\"https:\/\/franck-denise.com\/blog\/wp-content\/uploads\/2023\/02\/google-my-business-gada69cb73_640.png\"><img loading=\"lazy\" decoding=\"async\" width=\"640\" height=\"426\" src=\"https:\/\/franck-denise.com\/blog\/wp-content\/uploads\/2023\/02\/google-my-business-gada69cb73_640.png\" alt=\"\" class=\"wp-image-1826\" srcset=\"https:\/\/franck-denise.com\/blog\/wp-content\/uploads\/2023\/02\/google-my-business-gada69cb73_640.png 640w, https:\/\/franck-denise.com\/blog\/wp-content\/uploads\/2023\/02\/google-my-business-gada69cb73_640-300x200.png 300w, https:\/\/franck-denise.com\/blog\/wp-content\/uploads\/2023\/02\/google-my-business-gada69cb73_640-208x137.png 208w\" sizes=\"(max-width: 640px) 100vw, 640px\" \/><\/a><figcaption class=\"wp-element-caption\">Image par <a href=\"https:\/\/pixabay.com\/fr\/users\/parveender-5611058\/?utm_source=link-attribution&amp;utm_medium=referral&amp;utm_campaign=image&amp;utm_content=4721856\">Parveender Lamba<\/a> de <a href=\"https:\/\/pixabay.com\/fr\/\/?utm_source=link-attribution&amp;utm_medium=referral&amp;utm_campaign=image&amp;utm_content=4721856\">Pixabay<\/a><\/figcaption><\/figure><\/div>\n\n\n<hr class=\"wp-block-separator has-alpha-channel-opacity\"\/>\n\n\n<div class=\"wp-block-image\">\n<figure class=\"aligncenter size-full is-resized\"><a href=\"https:\/\/franck-denise.com\/blog\/wp-content\/uploads\/2023\/03\/web-ge2848b169_640.jpg\"><img loading=\"lazy\" decoding=\"async\" src=\"https:\/\/franck-denise.com\/blog\/wp-content\/uploads\/2023\/03\/web-ge2848b169_640.jpg\" alt=\"\" class=\"wp-image-1904\" style=\"width:253px;height:169px\" width=\"253\" height=\"169\" srcset=\"https:\/\/franck-denise.com\/blog\/wp-content\/uploads\/2023\/03\/web-ge2848b169_640.jpg 640w, https:\/\/franck-denise.com\/blog\/wp-content\/uploads\/2023\/03\/web-ge2848b169_640-300x200.jpg 300w\" sizes=\"(max-width: 253px) 100vw, 253px\" \/><\/a><figcaption class=\"wp-element-caption\">Image par <a href=\"https:\/\/pixabay.com\/fr\/users\/geralt-9301\/?utm_source=link-attribution&amp;utm_medium=referral&amp;utm_campaign=image&amp;utm_content=2496193\">Gerd Altmann<\/a> de <a href=\"https:\/\/pixabay.com\/fr\/\/?utm_source=link-attribution&amp;utm_medium=referral&amp;utm_campaign=image&amp;utm_content=2496193\">Pixabay<\/a><\/figcaption><\/figure><\/div>\n\n\n<hr class=\"wp-block-separator has-alpha-channel-opacity\"\/>\n\n\n<div class=\"wp-block-image\">\n<figure class=\"aligncenter size-full is-resized\"><a href=\"https:\/\/franck-denise.com\/blog\/wp-content\/uploads\/2023\/05\/faq-g855b4a063_640.jpg\"><img loading=\"lazy\" decoding=\"async\" src=\"https:\/\/franck-denise.com\/blog\/wp-content\/uploads\/2023\/05\/faq-g855b4a063_640.jpg\" alt=\"\" class=\"wp-image-2019\" style=\"width:344px;height:254px\" width=\"344\" height=\"254\" srcset=\"https:\/\/franck-denise.com\/blog\/wp-content\/uploads\/2023\/05\/faq-g855b4a063_640.jpg 640w, https:\/\/franck-denise.com\/blog\/wp-content\/uploads\/2023\/05\/faq-g855b4a063_640-300x221.jpg 300w\" sizes=\"(max-width: 344px) 100vw, 344px\" \/><\/a><figcaption class=\"wp-element-caption\">Image par <a href=\"https:\/\/pixabay.com\/fr\/users\/alexas_fotos-686414\/?utm_source=link-attribution&amp;utm_medium=referral&amp;utm_campaign=image&amp;utm_content=3408300\">Alexa<\/a> de <a href=\"https:\/\/pixabay.com\/fr\/\/?utm_source=link-attribution&amp;utm_medium=referral&amp;utm_campaign=image&amp;utm_content=3408300\">Pixabay<\/a><\/figcaption><\/figure><\/div>\n\n\n<hr class=\"wp-block-separator has-alpha-channel-opacity\"\/>\n","protected":false},"excerpt":{"rendered":"<p>CMS : WordPressTh\u00e8me : Construction Landing Page Theme by: Rara Theme Source : T\u00eate Filaire Face Lignes Vague R\u00e9seau WebLicence &hellip; <\/p>\n","protected":false},"author":1,"featured_media":0,"parent":0,"menu_order":0,"comment_status":"closed","ping_status":"closed","template":"","meta":{"footnotes":""},"class_list":["post-951","page","type-page","status-publish","hentry"],"_links":{"self":[{"href":"https:\/\/franck-denise.com\/blog\/wp-json\/wp\/v2\/pages\/951","targetHints":{"allow":["GET"]}}],"collection":[{"href":"https:\/\/franck-denise.com\/blog\/wp-json\/wp\/v2\/pages"}],"about":[{"href":"https:\/\/franck-denise.com\/blog\/wp-json\/wp\/v2\/types\/page"}],"author":[{"embeddable":true,"href":"https:\/\/franck-denise.com\/blog\/wp-json\/wp\/v2\/users\/1"}],"replies":[{"embeddable":true,"href":"https:\/\/franck-denise.com\/blog\/wp-json\/wp\/v2\/comments?post=951"}],"version-history":[{"count":29,"href":"https:\/\/franck-denise.com\/blog\/wp-json\/wp\/v2\/pages\/951\/revisions"}],"predecessor-version":[{"id":2219,"href":"https:\/\/franck-denise.com\/blog\/wp-json\/wp\/v2\/pages\/951\/revisions\/2219"}],"wp:attachment":[{"href":"https:\/\/franck-denise.com\/blog\/wp-json\/wp\/v2\/media?parent=951"}],"curies":[{"name":"wp","href":"https:\/\/api.w.org\/{rel}","templated":true}]}}