{"id":2,"date":"2016-09-12T09:16:57","date_gmt":"2016-09-12T09:16:57","guid":{"rendered":"https:\/\/raratheme.com\/preview\/construction-landing-page\/?page_id=2"},"modified":"2018-05-01T12:50:51","modified_gmt":"2018-05-01T10:50:51","slug":"aide-formulaire-audit","status":"publish","type":"page","link":"https:\/\/franck-denise.com\/blog\/aide-formulaire-audit\/","title":{"rendered":"Informations \u00e0 fournir pour la demande d&rsquo;audit"},"content":{"rendered":"<h3>Aide au remplissage du formulaire de <a href=\"http:\/\/franck-denise.com\/blog\/\">demande d&rsquo;audit<\/a>\u00a0de notori\u00e9t\u00e9<\/h3>\n<ul>\n<li><strong>Enseigne<\/strong>\u00a0ou nom par lequel vous \u00eates connu du public. (ce champ est obligatoire)<\/li>\n<li><strong>Ville<\/strong> ou\u00a0quartier o\u00f9 la client\u00e8le pense que vous \u00eates \u00e9tabli.<\/li>\n<li><strong>Zone d\u2019intervention<\/strong>,\u00a0rayon g\u00e9ographique d\u2019activit\u00e9 en vol d\u2019oiseau exprim\u00e9 en kilom\u00e8tre.<\/li>\n<li><strong>Nombre d\u2019ann\u00e9es d\u2019exp\u00e9rience<\/strong> en serrurerie, qui peut \u00eatre plus important que l&rsquo;\u00e2ge de votre entreprise.<\/li>\n<li><strong>Prestations\/Sp\u00e9cialit\u00e9s\/Expertise<\/strong> :\n<ul>\n<li>D\u00e9pannage urgent,<\/li>\n<li>Disponibilit\u00e9 7J\/7,<\/li>\n<li>Disponibilit\u00e9 24h\/24,<\/li>\n<li>Reproduction de cl\u00e9,<\/li>\n<li>Ouverture fine,<\/li>\n<li>Serrurerie automobile,<\/li>\n<li>Porte blind\u00e9e, blindage,<\/li>\n<li>Coffre-fort,<\/li>\n<li>Contr\u00f4le d\u2019acc\u00e8s, serrure \u00e9lectronique, t\u00e9l\u00e9commande et badge,<\/li>\n<li>Si autres prestations, merci\u00a0de le pr\u00e9ciser dans le champ \u00ab\u00a0pr\u00e9cisions\u00a0\u00bb en fin de formulaire.<\/li>\n<\/ul>\n<\/li>\n<li><strong>Marque(s)<\/strong> de serrure avec lien officiel avec le fabricant (exemple : concessionnaire, expert, artisan confiance, etc.).<\/li>\n<li><strong>Label(s)<\/strong>, Affiliation \u00e0 un r\u00e9seau, distinction professionnelle (exemple : S\u00e9curiste, Ma\u00eetre Artisan, Qualibat, etc.).<\/li>\n<li><strong>Partenariat(s)<\/strong> avec\u00a0des compagnies d\u2019assistance,\u00a0des compagnies d\u2019assurances,\u00a0des mutuelles, un r\u00e9seau de services de proximit\u00e9.<\/li>\n<li><strong>Num\u00e9ro d\u2019appel<\/strong> le plus connu de la client\u00e8le.<\/li>\n<li><strong>Email de contact<\/strong>. (ce champ est obligatoire)<\/li>\n<li>Pr\u00e9cisions \u00e9ventuelles sur des <strong>sp\u00e9cificit\u00e9(s)<\/strong> de votre entreprise (exemple : de p\u00e8re en fils depuis X g\u00e9n\u00e9rations), commentaire sur le formulaire, un message personnel.<\/li>\n<\/ul>\n","protected":false},"excerpt":{"rendered":"<p>Aide au remplissage du formulaire de demande d&rsquo;audit\u00a0de notori\u00e9t\u00e9 Enseigne\u00a0ou nom par lequel vous \u00eates connu du public. (ce champ &hellip; <\/p>\n","protected":false},"author":1,"featured_media":0,"parent":0,"menu_order":0,"comment_status":"closed","ping_status":"open","template":"","meta":{"footnotes":""},"class_list":["post-2","page","type-page","status-publish","hentry"],"_links":{"self":[{"href":"https:\/\/franck-denise.com\/blog\/wp-json\/wp\/v2\/pages\/2","targetHints":{"allow":["GET"]}}],"collection":[{"href":"https:\/\/franck-denise.com\/blog\/wp-json\/wp\/v2\/pages"}],"about":[{"href":"https:\/\/franck-denise.com\/blog\/wp-json\/wp\/v2\/types\/page"}],"author":[{"embeddable":true,"href":"https:\/\/franck-denise.com\/blog\/wp-json\/wp\/v2\/users\/1"}],"replies":[{"embeddable":true,"href":"https:\/\/franck-denise.com\/blog\/wp-json\/wp\/v2\/comments?post=2"}],"version-history":[{"count":13,"href":"https:\/\/franck-denise.com\/blog\/wp-json\/wp\/v2\/pages\/2\/revisions"}],"predecessor-version":[{"id":1161,"href":"https:\/\/franck-denise.com\/blog\/wp-json\/wp\/v2\/pages\/2\/revisions\/1161"}],"wp:attachment":[{"href":"https:\/\/franck-denise.com\/blog\/wp-json\/wp\/v2\/media?parent=2"}],"curies":[{"name":"wp","href":"https:\/\/api.w.org\/{rel}","templated":true}]}}