{"id":1664,"date":"2022-12-24T16:32:51","date_gmt":"2022-12-24T15:32:51","guid":{"rendered":"https:\/\/franck-denise.com\/?page_id=1664"},"modified":"2022-12-24T16:37:59","modified_gmt":"2022-12-24T15:37:59","slug":"la-serrurerie-tan-mise-a-lhonneur-sur-paris","status":"publish","type":"page","link":"https:\/\/franck-denise.com\/blog\/la-serrurerie-tan-mise-a-lhonneur-sur-paris\/","title":{"rendered":"La Serrurerie TAN mise \u00e0 l\u2019honneur sur Paris"},"content":{"rendered":"\n<p>Une entreprise familiale de serrurerie, de r\u00e9f\u00e9rence \u00e0 Paris depuis 1990, qui propose des interventions rapides dans les 30 minutes \u00e0 1h, m\u00eame les week-ends.<\/p>\n\n\n\n<h2 class=\"has-text-align-center wp-block-heading\">Consulter son site: <a href=\"https:\/\/www.serrure-pas-cher.fr\/\">serrure-pas-cher.fr<\/a><\/h2>\n","protected":false},"excerpt":{"rendered":"<p>Une entreprise familiale de serrurerie, de r\u00e9f\u00e9rence \u00e0 Paris depuis 1990, qui propose des interventions rapides dans les 30 minutes &hellip; <\/p>\n","protected":false},"author":1,"featured_media":1667,"parent":0,"menu_order":0,"comment_status":"closed","ping_status":"closed","template":"","meta":{"footnotes":""},"class_list":["post-1664","page","type-page","status-publish","has-post-thumbnail","hentry"],"_links":{"self":[{"href":"https:\/\/franck-denise.com\/blog\/wp-json\/wp\/v2\/pages\/1664","targetHints":{"allow":["GET"]}}],"collection":[{"href":"https:\/\/franck-denise.com\/blog\/wp-json\/wp\/v2\/pages"}],"about":[{"href":"https:\/\/franck-denise.com\/blog\/wp-json\/wp\/v2\/types\/page"}],"author":[{"embeddable":true,"href":"https:\/\/franck-denise.com\/blog\/wp-json\/wp\/v2\/users\/1"}],"replies":[{"embeddable":true,"href":"https:\/\/franck-denise.com\/blog\/wp-json\/wp\/v2\/comments?post=1664"}],"version-history":[{"count":2,"href":"https:\/\/franck-denise.com\/blog\/wp-json\/wp\/v2\/pages\/1664\/revisions"}],"predecessor-version":[{"id":1670,"href":"https:\/\/franck-denise.com\/blog\/wp-json\/wp\/v2\/pages\/1664\/revisions\/1670"}],"wp:featuredmedia":[{"embeddable":true,"href":"https:\/\/franck-denise.com\/blog\/wp-json\/wp\/v2\/media\/1667"}],"wp:attachment":[{"href":"https:\/\/franck-denise.com\/blog\/wp-json\/wp\/v2\/media?parent=1664"}],"curies":[{"name":"wp","href":"https:\/\/api.w.org\/{rel}","templated":true}]}}