{"id":1622,"date":"2023-03-26T12:39:00","date_gmt":"2023-03-26T10:39:00","guid":{"rendered":"https:\/\/franck-denise.com\/?page_id=1622"},"modified":"2025-10-04T12:57:58","modified_gmt":"2025-10-04T10:57:58","slug":"urg-serrurier","status":"publish","type":"page","link":"https:\/\/franck-denise.com\/blog\/urg-serrurier\/","title":{"rendered":"URG Serrurier \u00e0 l\u2019honneur sur Orl\u00e9ans"},"content":{"rendered":"\n<h2 class=\"wp-block-heading\">24h\/7j T\u00e9l: <a href=\"tel:0662120004\">06 62 12 00 04<\/a><\/h2>\n\n\n\n<p>Si vous habitez sur Orl\u00e9ans agglom\u00e9ration et que vous avez besoin d&rsquo;un serrurier professionnel pour une intervention en urgence, ne cherchez plus : Urg Serrurier est l\u00e0 pour vous aider ! Que ce soit pour un d\u00e9pannage, une r\u00e9paration, un entretien ou une installation de mat\u00e9riel de serrurerie, cette entreprise est disponible 24&nbsp;h\/24 et 7 j\/7 pour r\u00e9pondre \u00e0 vos besoins.<\/p>\n\n\n\n<p>Avec Urg Serrurier, vous pouvez \u00eatre s\u00fbr de b\u00e9n\u00e9ficier d&rsquo;un service rapide et efficace. En effet, ce serrurier urgentiste s&rsquo;engage \u00e0 arriver chez vous en moins de 30 minutes pour r\u00e9aliser une ouverture de porte, un remplacement de serrure ou tout autre type de d\u00e9pannage express.<\/p>\n\n\n\n<p>En plus de sa rapidit\u00e9 d&rsquo;intervention, Urg Serrurier vous garantit un travail de qualit\u00e9 \u00e0 un tarif raisonn\u00e9. Vous pouvez donc faire confiance \u00e0 cette entreprise pour vous proposer des solutions adapt\u00e9es \u00e0 votre budget, sans jamais faire de compromis sur la qualit\u00e9.<\/p>\n\n\n\n<p>Alors n&rsquo;attendez plus pour contacter Urg <a href=\"https:\/\/urg-serrurier.com\/\">Serrurier \u00e0 Orl\u00e9ans<\/a> ! Que ce soit pour une intervention urgente ou pour un projet \u00e0 plus long terme, cette entreprise sera heureuse de vous aider et de vous conseiller dans tous vos besoins en serrurerie.<\/p>\n\n\n\n<figure class=\"wp-block-image size-large\"><a href=\"https:\/\/franck-denise.com\/blog\/wp-content\/uploads\/2022\/12\/urgOrleansSerrurier.jpg\"><img fetchpriority=\"high\" decoding=\"async\" width=\"1024\" height=\"693\" src=\"https:\/\/franck-denise.com\/blog\/wp-content\/uploads\/2022\/12\/urgOrleansSerrurier-1024x693.jpg\" alt=\"\" class=\"wp-image-1624\" srcset=\"https:\/\/franck-denise.com\/blog\/wp-content\/uploads\/2022\/12\/urgOrleansSerrurier-1024x693.jpg 1024w, https:\/\/franck-denise.com\/blog\/wp-content\/uploads\/2022\/12\/urgOrleansSerrurier-300x203.jpg 300w, https:\/\/franck-denise.com\/blog\/wp-content\/uploads\/2022\/12\/urgOrleansSerrurier-768x519.jpg 768w, https:\/\/franck-denise.com\/blog\/wp-content\/uploads\/2022\/12\/urgOrleansSerrurier.jpg 1177w\" sizes=\"(max-width: 1024px) 100vw, 1024px\" \/><\/a><\/figure>\n","protected":false},"excerpt":{"rendered":"<p>URG Serrurier est une entreprise de serrurerie professionnelle bas\u00e9e \u00e0 Orl\u00e9ans, disponible 24h\/24 et 7j\/7 pour tous vos besoins en d\u00e9pannage, r\u00e9paration, entretien et installation de mat\u00e9riel. Avec une garantie d&rsquo;intervention en moins de 30 minutes, URG Serrurier vous offre un travail de qualit\u00e9 \u00e0 un tarif raisonn\u00e9. Contactez-les d\u00e8s maintenant pour une intervention rapide et efficace.<\/p>\n","protected":false},"author":1,"featured_media":1676,"parent":0,"menu_order":0,"comment_status":"closed","ping_status":"closed","template":"","meta":{"footnotes":""},"class_list":["post-1622","page","type-page","status-publish","has-post-thumbnail","hentry"],"_links":{"self":[{"href":"https:\/\/franck-denise.com\/blog\/wp-json\/wp\/v2\/pages\/1622","targetHints":{"allow":["GET"]}}],"collection":[{"href":"https:\/\/franck-denise.com\/blog\/wp-json\/wp\/v2\/pages"}],"about":[{"href":"https:\/\/franck-denise.com\/blog\/wp-json\/wp\/v2\/types\/page"}],"author":[{"embeddable":true,"href":"https:\/\/franck-denise.com\/blog\/wp-json\/wp\/v2\/users\/1"}],"replies":[{"embeddable":true,"href":"https:\/\/franck-denise.com\/blog\/wp-json\/wp\/v2\/comments?post=1622"}],"version-history":[{"count":14,"href":"https:\/\/franck-denise.com\/blog\/wp-json\/wp\/v2\/pages\/1622\/revisions"}],"predecessor-version":[{"id":2246,"href":"https:\/\/franck-denise.com\/blog\/wp-json\/wp\/v2\/pages\/1622\/revisions\/2246"}],"wp:featuredmedia":[{"embeddable":true,"href":"https:\/\/franck-denise.com\/blog\/wp-json\/wp\/v2\/media\/1676"}],"wp:attachment":[{"href":"https:\/\/franck-denise.com\/blog\/wp-json\/wp\/v2\/media?parent=1622"}],"curies":[{"name":"wp","href":"https:\/\/api.w.org\/{rel}","templated":true}]}}