{"id":1008,"date":"2018-04-28T18:43:18","date_gmt":"2018-04-28T16:43:18","guid":{"rendered":"http:\/\/franck-denise.com\/blog\/?page_id=1008"},"modified":"2018-04-30T09:57:23","modified_gmt":"2018-04-30T07:57:23","slug":"serruriers-suivis-par-franck-denise","status":"publish","type":"page","link":"https:\/\/franck-denise.com\/blog\/serruriers-suivis-par-franck-denise\/","title":{"rendered":"Facilitez l&rsquo;acc\u00e8s \u00e0 votre entreprise"},"content":{"rendered":"<p>Demandez une pr\u00e9sence gratuite sur Serrurier.Ovh<br \/>\n<iframe src=\"https:\/\/www.google.com\/maps\/d\/u\/0\/embed?mid=16DVp_Ij6GGvoNlW3D6NsqESSNHT9QoxB\" width=\"100%\" height=\"750\"><\/iframe><\/p>\n","protected":false},"excerpt":{"rendered":"<p>Demandez une pr\u00e9sence gratuite sur Serrurier.Ovh<\/p>\n","protected":false},"author":1,"featured_media":0,"parent":0,"menu_order":0,"comment_status":"closed","ping_status":"closed","template":"","meta":{"footnotes":""},"class_list":["post-1008","page","type-page","status-publish","hentry"],"_links":{"self":[{"href":"https:\/\/franck-denise.com\/blog\/wp-json\/wp\/v2\/pages\/1008","targetHints":{"allow":["GET"]}}],"collection":[{"href":"https:\/\/franck-denise.com\/blog\/wp-json\/wp\/v2\/pages"}],"about":[{"href":"https:\/\/franck-denise.com\/blog\/wp-json\/wp\/v2\/types\/page"}],"author":[{"embeddable":true,"href":"https:\/\/franck-denise.com\/blog\/wp-json\/wp\/v2\/users\/1"}],"replies":[{"embeddable":true,"href":"https:\/\/franck-denise.com\/blog\/wp-json\/wp\/v2\/comments?post=1008"}],"version-history":[{"count":5,"href":"https:\/\/franck-denise.com\/blog\/wp-json\/wp\/v2\/pages\/1008\/revisions"}],"predecessor-version":[{"id":1130,"href":"https:\/\/franck-denise.com\/blog\/wp-json\/wp\/v2\/pages\/1008\/revisions\/1130"}],"wp:attachment":[{"href":"https:\/\/franck-denise.com\/blog\/wp-json\/wp\/v2\/media?parent=1008"}],"curies":[{"name":"wp","href":"https:\/\/api.w.org\/{rel}","templated":true}]}}